{"id":2,"date":"2024-03-14T13:44:50","date_gmt":"2024-03-14T12:44:50","guid":{"rendered":"http:\/\/transafsecured.com\/?page_id=2"},"modified":"2024-08-19T16:12:30","modified_gmt":"2024-08-19T14:12:30","slug":"carrieres","status":"publish","type":"page","link":"https:\/\/transafsecured.com\/index.php\/carrieres\/","title":{"rendered":"Carri\u00e8res"},"content":{"rendered":"\n<figure class=\"wp-block-image aligncenter size-large\"><img loading=\"lazy\" decoding=\"async\" width=\"1024\" height=\"431\" src=\"https:\/\/transafsecured.com\/wp-content\/uploads\/2024\/04\/06a-1024x431.png\" alt=\"\" class=\"wp-image-671\" srcset=\"https:\/\/transafsecured.com\/wp-content\/uploads\/2024\/04\/06a-1024x431.png 1024w, https:\/\/transafsecured.com\/wp-content\/uploads\/2024\/04\/06a-300x126.png 300w, https:\/\/transafsecured.com\/wp-content\/uploads\/2024\/04\/06a-768x323.png 768w, https:\/\/transafsecured.com\/wp-content\/uploads\/2024\/04\/06a-1536x646.png 1536w, https:\/\/transafsecured.com\/wp-content\/uploads\/2024\/04\/06a-2048x861.png 2048w\" sizes=\"(max-width: 1024px) 100vw, 1024px\" \/><\/figure>\n\n\n\n<div style=\"height:25px\" aria-hidden=\"true\" class=\"wp-block-spacer\"><\/div>\n\n\n\n<p style=\"font-style:normal;font-weight:400\">Vous souhaitez mettre vos comp\u00e9tences au service de notre entreprise&nbsp;? Vous souhaitez avoir une exp\u00e9rience qui sera valoris\u00e9e et reconnue sur le continent Africain&nbsp;? En nous rejoignant, vous aurez l\u2019opportunit\u00e9 de d\u00e9velopper des comp\u00e9tences cl\u00e9s et de vous \u00e9panouir au sein de l\u2019entreprise.<\/p>\n\n\n\n<p style=\"font-style:normal;font-weight:400\">Rejoindre TRANSAF, ce n\u2019est pas seulement acqu\u00e9rir une position mais c\u2019est faire partie d\u2019un projet noble, un projet durable avec pour seul but de construire un monde meilleur et plus s\u00fbr. Que vous soyez \u00e9tudiant, jeune dipl\u00f4m\u00e9, en recherche de formation ou bien expert, nous valorisons tous les profils et toutes les comp\u00e9tences sans discrimination de genre<\/p>\n\n\n\n<div style=\"height:50px\" aria-hidden=\"true\" class=\"wp-block-spacer\"><\/div>\n\n\n\n<h2 class=\"wp-block-heading\">D\u00e9couvrez nos offres d\u2019emploi<\/h2>\n\n\n\n<div style=\"height:25px\" aria-hidden=\"true\" class=\"wp-block-spacer\"><\/div>\n\n\n\n<p><em>Aucune offre d&#8217;emploi pour le moment.<\/em><\/p>\n\n\n\n<div style=\"height:50px\" aria-hidden=\"true\" class=\"wp-block-spacer\"><\/div>\n\n\n\n<h2 class=\"wp-block-heading\">D\u00e9poser une candidature<\/h2>\n\n\n\n<div style=\"height:25px\" aria-hidden=\"true\" class=\"wp-block-spacer\"><\/div>\n\n\n\n<p><em>Pour d\u00e9poser une candidature, veuillez nous envoyer le dossier ci-dessous au format PDF \u00e0 l&rsquo;adresse recrutement@transafsecured.com<\/em> <em>:<\/em><\/p>\n\n\n\n<ul class=\"wp-block-list\">\n<li>Pi\u00e8ce d&rsquo;identit\u00e9 en cours de validit\u00e9<\/li>\n\n\n\n<li>Lettre de motivation<\/li>\n\n\n\n<li>Curriculum vitae<\/li>\n\n\n\n<li>Dernier dipl\u00f4me obtenu<\/li>\n\n\n\n<li>Attestations et Certifications<\/li>\n<\/ul>\n","protected":false},"excerpt":{"rendered":"<p>Vous souhaitez mettre vos comp\u00e9tences au service de notre entreprise&nbsp;? Vous souhaitez avoir une exp\u00e9rience qui sera valoris\u00e9e et reconnue [&hellip;]<\/p>\n","protected":false},"author":1,"featured_media":0,"parent":0,"menu_order":0,"comment_status":"closed","ping_status":"closed","template":"","meta":{"_monsterinsights_skip_tracking":false,"_monsterinsights_sitenote_active":false,"_monsterinsights_sitenote_note":"","_monsterinsights_sitenote_category":0,"site-sidebar-layout":"default","site-content-layout":"","ast-site-content-layout":"default","site-content-style":"default","site-sidebar-style":"default","ast-global-header-display":"","ast-banner-title-visibility":"","ast-main-header-display":"","ast-hfb-above-header-display":"","ast-hfb-below-header-display":"","ast-hfb-mobile-header-display":"","site-post-title":"","ast-breadcrumbs-content":"","ast-featured-img":"","footer-sml-layout":"","ast-disable-related-posts":"","theme-transparent-header-meta":"","adv-header-id-meta":"","stick-header-meta":"","header-above-stick-meta":"","header-main-stick-meta":"","header-below-stick-meta":"","astra-migrate-meta-layouts":"default","ast-page-background-enabled":"default","ast-page-background-meta":{"desktop":{"background-color":"var(--ast-global-color-4)","background-image":"","background-repeat":"repeat","background-position":"center center","background-size":"auto","background-attachment":"scroll","background-type":"","background-media":"","overlay-type":"","overlay-color":"","overlay-opacity":"","overlay-gradient":""},"tablet":{"background-color":"","background-image":"","background-repeat":"repeat","background-position":"center center","background-size":"auto","background-attachment":"scroll","background-type":"","background-media":"","overlay-type":"","overlay-color":"","overlay-opacity":"","overlay-gradient":""},"mobile":{"background-color":"","background-image":"","background-repeat":"repeat","background-position":"center center","background-size":"auto","background-attachment":"scroll","background-type":"","background-media":"","overlay-type":"","overlay-color":"","overlay-opacity":"","overlay-gradient":""}},"ast-content-background-meta":{"desktop":{"background-color":"var(--ast-global-color-5)","background-image":"","background-repeat":"repeat","background-position":"center center","background-size":"auto","background-attachment":"scroll","background-type":"","background-media":"","overlay-type":"","overlay-color":"","overlay-opacity":"","overlay-gradient":""},"tablet":{"background-color":"var(--ast-global-color-5)","background-image":"","background-repeat":"repeat","background-position":"center center","background-size":"auto","background-attachment":"scroll","background-type":"","background-media":"","overlay-type":"","overlay-color":"","overlay-opacity":"","overlay-gradient":""},"mobile":{"background-color":"var(--ast-global-color-5)","background-image":"","background-repeat":"repeat","background-position":"center center","background-size":"auto","background-attachment":"scroll","background-type":"","background-media":"","overlay-type":"","overlay-color":"","overlay-opacity":"","overlay-gradient":""}},"_themeisle_gutenberg_block_has_review":false,"_ti_tpc_template_sync":false,"_ti_tpc_template_id":"","footnotes":""},"class_list":["post-2","page","type-page","status-publish","hentry"],"aioseo_notices":[],"_links":{"self":[{"href":"https:\/\/transafsecured.com\/index.php\/wp-json\/wp\/v2\/pages\/2"}],"collection":[{"href":"https:\/\/transafsecured.com\/index.php\/wp-json\/wp\/v2\/pages"}],"about":[{"href":"https:\/\/transafsecured.com\/index.php\/wp-json\/wp\/v2\/types\/page"}],"author":[{"embeddable":true,"href":"https:\/\/transafsecured.com\/index.php\/wp-json\/wp\/v2\/users\/1"}],"replies":[{"embeddable":true,"href":"https:\/\/transafsecured.com\/index.php\/wp-json\/wp\/v2\/comments?post=2"}],"version-history":[{"count":17,"href":"https:\/\/transafsecured.com\/index.php\/wp-json\/wp\/v2\/pages\/2\/revisions"}],"predecessor-version":[{"id":895,"href":"https:\/\/transafsecured.com\/index.php\/wp-json\/wp\/v2\/pages\/2\/revisions\/895"}],"wp:attachment":[{"href":"https:\/\/transafsecured.com\/index.php\/wp-json\/wp\/v2\/media?parent=2"}],"curies":[{"name":"wp","href":"https:\/\/api.w.org\/{rel}","templated":true}]}}