{"id":61,"date":"2020-01-23T18:21:52","date_gmt":"2020-01-23T18:21:52","guid":{"rendered":"https:\/\/demosites.io\/web-agency-gb\/?page_id=61"},"modified":"2024-08-19T15:35:10","modified_gmt":"2024-08-19T13:35:10","slug":"nousconnaitre","status":"publish","type":"page","link":"https:\/\/transafsecured.com\/index.php\/nousconnaitre\/","title":{"rendered":"Nous conna\u00eetre"},"content":{"rendered":"\n<div class=\"wp-block-cover alignfull is-light has-custom-content-position is-position-top-center\"><span aria-hidden=\"true\" class=\"wp-block-cover__background has-white-background-color has-background-dim-100 has-background-dim\"><\/span><div class=\"wp-block-cover__inner-container is-layout-flow wp-block-cover-is-layout-flow\">\n<div class=\"wp-block-columns is-layout-flex wp-container-core-columns-is-layout-1 wp-block-columns-is-layout-flex\">\n<div class=\"wp-block-column is-vertically-aligned-top is-layout-flow wp-block-column-is-layout-flow\" style=\"flex-basis:66.66%\">\n<p class=\"has-text-align-center has-black-color has-text-color\">De nos jours, de nombreuses entreprises et particuliers cherchent \u00e0 externaliser certaines de leurs activit\u00e9s financi\u00e8res afin de gagner en efficacit\u00e9 et en s\u00e9curit\u00e9. Cette d\u00e9marche consiste \u00e0 confier certaines t\u00e2ches li\u00e9es \u00e0 la gestion des fonds et des valeurs \u00e0 des prestataires sp\u00e9cialis\u00e9s tels que notre entreprise. C\u2019est dans ce contexte que TRANSAF (Transport Africain de Fonds) se propose d\u2019accompagner ou de suppl\u00e9er les \u00e9tablissements financiers, les structures priv\u00e9es et m\u00eame les individus dans leur volont\u00e9 d\u2019externalisation de certaines t\u00e2ches sp\u00e9cifiques. <\/p>\n\n\n\n<div class=\"wp-block-buttons is-horizontal is-content-justification-center is-layout-flex wp-container-core-buttons-is-layout-1 wp-block-buttons-is-layout-flex\">\n<div class=\"wp-block-button is-style-secondary is-style-fill\"><a class=\"wp-block-button__link wp-element-button\" href=\"https:\/\/transafsecured.com\/index.php\/services\/\">D\u00e9couvrir nos services<\/a><\/div>\n<\/div>\n<\/div>\n\n\n\n<div class=\"wp-block-column is-vertically-aligned-center is-layout-flow wp-block-column-is-layout-flow\" style=\"flex-basis:33.33%\">\n<figure class=\"wp-block-image size-large\"><img loading=\"lazy\" decoding=\"async\" width=\"1024\" height=\"741\" src=\"https:\/\/transafsecured.com\/wp-content\/uploads\/2024\/04\/07-1024x741.png\" alt=\"\" class=\"wp-image-362\" srcset=\"https:\/\/transafsecured.com\/wp-content\/uploads\/2024\/04\/07-1024x741.png 1024w, https:\/\/transafsecured.com\/wp-content\/uploads\/2024\/04\/07-300x217.png 300w, https:\/\/transafsecured.com\/wp-content\/uploads\/2024\/04\/07-768x555.png 768w, https:\/\/transafsecured.com\/wp-content\/uploads\/2024\/04\/07-1536x1111.png 1536w, https:\/\/transafsecured.com\/wp-content\/uploads\/2024\/04\/07-2048x1481.png 2048w\" sizes=\"(max-width: 1024px) 100vw, 1024px\" \/><\/figure>\n<\/div>\n<\/div>\n\n\n\n<div style=\"height:80px\" aria-hidden=\"true\" class=\"wp-block-spacer\"><\/div>\n<\/div><\/div>\n\n\n\n<div class=\"wp-block-cover alignfull is-light has-custom-content-position is-position-top-center\" style=\"min-height:302px;aspect-ratio:unset;\"><span aria-hidden=\"true\" class=\"wp-block-cover__background has-cyan-bluish-gray-background-color has-background-dim-100 has-background-dim\"><\/span><div class=\"wp-block-cover__inner-container is-layout-flow wp-block-cover-is-layout-flow\">\n<div class=\"wp-block-columns is-layout-flex wp-container-core-columns-is-layout-2 wp-block-columns-is-layout-flex\">\n<div class=\"wp-block-column is-vertically-aligned-center is-layout-flow wp-block-column-is-layout-flow\">\n<h2 class=\"wp-block-heading has-text-align-center has-black-color has-text-color\">Nos valeurs<\/h2>\n\n\n\n<p class=\"has-black-color has-text-color has-link-color wp-elements-d36789cc763a43de9cc5036e0c5d0948\">Nos valeurs nous guident et constituent le socle sur lequel nous b\u00e2tissons notre entreprise.<\/p>\n<\/div>\n\n\n\n<div class=\"wp-block-column is-vertically-aligned-center is-layout-flow wp-block-column-is-layout-flow\">\n<h2 class=\"wp-block-heading has-text-align-center has-black-color has-text-color has-link-color wp-elements-b10f71d35b1c40fd00a236a667d11c8d\" style=\"text-transform:uppercase\">S\u00e9curit\u00e9<\/h2>\n\n\n\n<figure class=\"wp-block-image aligncenter size-full is-style-rounded\"><img loading=\"lazy\" decoding=\"async\" width=\"225\" height=\"225\" src=\"https:\/\/transafsecured.com\/wp-content\/uploads\/2024\/04\/securite05.png\" alt=\"\" class=\"wp-image-543\" srcset=\"https:\/\/transafsecured.com\/wp-content\/uploads\/2024\/04\/securite05.png 225w, https:\/\/transafsecured.com\/wp-content\/uploads\/2024\/04\/securite05-150x150.png 150w\" sizes=\"(max-width: 225px) 100vw, 225px\" \/><\/figure>\n<\/div>\n\n\n\n<div class=\"wp-block-column is-vertically-aligned-center is-layout-flow wp-block-column-is-layout-flow\">\n<h2 class=\"wp-block-heading has-text-align-center has-black-color has-text-color has-link-color wp-elements-c4c2d9679c38c843c06fd3768dc93f63\" style=\"text-transform:uppercase\">Efficacit\u00e9<\/h2>\n\n\n\n<figure class=\"wp-block-image aligncenter size-full is-resized is-style-rounded\"><img loading=\"lazy\" decoding=\"async\" width=\"211\" height=\"211\" src=\"https:\/\/transafsecured.com\/wp-content\/uploads\/2024\/04\/efficacite02-edited.jpg\" alt=\"\" class=\"wp-image-527\" style=\"width:211px;height:auto\" srcset=\"https:\/\/transafsecured.com\/wp-content\/uploads\/2024\/04\/efficacite02-edited.jpg 211w, https:\/\/transafsecured.com\/wp-content\/uploads\/2024\/04\/efficacite02-edited-150x150.jpg 150w\" sizes=\"(max-width: 211px) 100vw, 211px\" \/><\/figure>\n<\/div>\n<\/div>\n<\/div><\/div>\n\n\n\n<div style=\"height:80px\" aria-hidden=\"true\" class=\"wp-block-spacer\"><\/div>\n\n\n\n<h1 class=\"wp-block-heading has-text-align-center has-vivid-cyan-blue-color has-text-color has-link-color wp-elements-a7580f9942cb2f7a34d92d4ac71db87a\">Pourquoi choisir TRANSAF ?<\/h1>\n\n\n\n<div style=\"height:80px\" aria-hidden=\"true\" class=\"wp-block-spacer\"><\/div>\n\n\n\n<div class=\"wp-block-cover alignfull is-light has-custom-content-position is-position-top-center\"><span aria-hidden=\"true\" class=\"wp-block-cover__background has-white-background-color has-background-dim-100 has-background-dim\"><\/span><div class=\"wp-block-cover__inner-container is-layout-flow wp-block-cover-is-layout-flow\">\n<div class=\"wp-block-columns is-layout-flex wp-container-core-columns-is-layout-3 wp-block-columns-is-layout-flex\">\n<div class=\"wp-block-column is-layout-flow wp-block-column-is-layout-flow\">\n<h3 class=\"wp-block-heading has-text-align-center has-neve-text-color-color has-text-color\">Un effectif qualifi\u00e9 et exp\u00e9riment\u00e9<\/h3>\n\n\n\n<figure class=\"wp-block-image size-full\"><img loading=\"lazy\" decoding=\"async\" width=\"816\" height=\"459\" src=\"https:\/\/transafsecured.com\/wp-content\/uploads\/2024\/04\/15-edited.jpg\" alt=\"\" class=\"wp-image-520\" srcset=\"https:\/\/transafsecured.com\/wp-content\/uploads\/2024\/04\/15-edited.jpg 816w, https:\/\/transafsecured.com\/wp-content\/uploads\/2024\/04\/15-edited-300x169.jpg 300w, https:\/\/transafsecured.com\/wp-content\/uploads\/2024\/04\/15-edited-768x432.jpg 768w\" sizes=\"(max-width: 816px) 100vw, 816px\" \/><\/figure>\n\n\n\n<p class=\"has-text-align-center has-black-color has-text-color\">Chez TRANSAF, nous avons un personnel jeune, mais \u00e9galement bien form\u00e9 et exp\u00e9riment\u00e9. Cela nous permet d\u2019atteindre les objectifs commerciaux ambitieux que nous nous fixons au sein de l\u2019organisation.<\/p>\n<\/div>\n\n\n\n<div class=\"wp-block-column is-layout-flow wp-block-column-is-layout-flow\">\n<h3 class=\"wp-block-heading has-text-align-center has-neve-text-color-color has-text-color\">Des \u00e9quipements blind\u00e9s et s\u00e9curis\u00e9s<\/h3>\n\n\n\n<figure class=\"wp-block-image size-large\"><img loading=\"lazy\" decoding=\"async\" width=\"2484\" height=\"1398\" src=\"https:\/\/transafsecured.com\/wp-content\/uploads\/2024\/04\/12-edited.png\" alt=\"\" class=\"wp-image-519\" srcset=\"https:\/\/transafsecured.com\/wp-content\/uploads\/2024\/04\/12-edited.png 2484w, https:\/\/transafsecured.com\/wp-content\/uploads\/2024\/04\/12-edited-300x169.png 300w, https:\/\/transafsecured.com\/wp-content\/uploads\/2024\/04\/12-edited-1024x576.png 1024w, https:\/\/transafsecured.com\/wp-content\/uploads\/2024\/04\/12-edited-768x432.png 768w, https:\/\/transafsecured.com\/wp-content\/uploads\/2024\/04\/12-edited-1536x864.png 1536w, https:\/\/transafsecured.com\/wp-content\/uploads\/2024\/04\/12-edited-2048x1153.png 2048w\" sizes=\"(max-width: 2484px) 100vw, 2484px\" \/><\/figure>\n\n\n\n<p class=\"has-text-align-center has-black-color has-text-color\">TRANSAF veille \u00e0 apporter \u00e0 ses clients toutes les garanties de confiance en investissant sur les technologies les plus avanc\u00e9es en mati\u00e8re de s\u00e9curit\u00e9. Nous fournissons ainsi des solutions efficaces \u00e0 nos clients sur le long terme.<\/p>\n<\/div>\n\n\n\n<div class=\"wp-block-column is-layout-flow wp-block-column-is-layout-flow\">\n<h3 class=\"wp-block-heading has-text-align-center has-neve-text-color-color has-text-color\">Des clients enti\u00e8rement et toujours satisfaits<\/h3>\n\n\n\n<figure class=\"wp-block-image size-large\"><img loading=\"lazy\" decoding=\"async\" width=\"860\" height=\"484\" src=\"https:\/\/transafsecured.com\/wp-content\/uploads\/2024\/04\/client-satisfait-b-edited.png\" alt=\"\" class=\"wp-image-521\" srcset=\"https:\/\/transafsecured.com\/wp-content\/uploads\/2024\/04\/client-satisfait-b-edited.png 860w, https:\/\/transafsecured.com\/wp-content\/uploads\/2024\/04\/client-satisfait-b-edited-300x169.png 300w, https:\/\/transafsecured.com\/wp-content\/uploads\/2024\/04\/client-satisfait-b-edited-768x432.png 768w\" sizes=\"(max-width: 860px) 100vw, 860px\" \/><\/figure>\n\n\n\n<p class=\"has-text-align-center has-black-color has-text-color\">Chez TRANSAF, nous avons fait de la satisfaction du client notre priorit\u00e9. Nous sommes r\u00e9gis par la disponibilit\u00e9, l&rsquo;attention, la rigueur professionnelle et l&rsquo;expertise vis-\u00e0-vis de nos clients.<\/p>\n<\/div>\n<\/div>\n\n\n\n<div class=\"wp-block-buttons is-content-justification-center is-layout-flex wp-container-core-buttons-is-layout-2 wp-block-buttons-is-layout-flex\">\n<div class=\"wp-block-button\"><a class=\"wp-block-button__link has-text-align-center wp-element-button\" href=\"https:\/\/transafsecured.com\/index.php\/contact\/\">Nous joindre<\/a><\/div>\n<\/div>\n<\/div><\/div>\n","protected":false},"excerpt":{"rendered":"<p>Pourquoi choisir TRANSAF ?<\/p>\n","protected":false},"author":1,"featured_media":0,"parent":0,"menu_order":0,"comment_status":"closed","ping_status":"closed","template":"","meta":{"_monsterinsights_skip_tracking":false,"_monsterinsights_sitenote_active":false,"_monsterinsights_sitenote_note":"","_monsterinsights_sitenote_category":0,"site-sidebar-layout":"default","site-content-layout":"","ast-site-content-layout":"default","site-content-style":"default","site-sidebar-style":"default","ast-global-header-display":"","ast-banner-title-visibility":"","ast-main-header-display":"","ast-hfb-above-header-display":"","ast-hfb-below-header-display":"","ast-hfb-mobile-header-display":"","site-post-title":"","ast-breadcrumbs-content":"","ast-featured-img":"","footer-sml-layout":"","ast-disable-related-posts":"","theme-transparent-header-meta":"","adv-header-id-meta":"","stick-header-meta":"","header-above-stick-meta":"","header-main-stick-meta":"","header-below-stick-meta":"","astra-migrate-meta-layouts":"default","ast-page-background-enabled":"default","ast-page-background-meta":{"desktop":{"background-color":"var(--ast-global-color-4)","background-image":"","background-repeat":"repeat","background-position":"center center","background-size":"auto","background-attachment":"scroll","background-type":"","background-media":"","overlay-type":"","overlay-color":"","overlay-opacity":"","overlay-gradient":""},"tablet":{"background-color":"","background-image":"","background-repeat":"repeat","background-position":"center center","background-size":"auto","background-attachment":"scroll","background-type":"","background-media":"","overlay-type":"","overlay-color":"","overlay-opacity":"","overlay-gradient":""},"mobile":{"background-color":"","background-image":"","background-repeat":"repeat","background-position":"center center","background-size":"auto","background-attachment":"scroll","background-type":"","background-media":"","overlay-type":"","overlay-color":"","overlay-opacity":"","overlay-gradient":""}},"ast-content-background-meta":{"desktop":{"background-color":"var(--ast-global-color-5)","background-image":"","background-repeat":"repeat","background-position":"center center","background-size":"auto","background-attachment":"scroll","background-type":"","background-media":"","overlay-type":"","overlay-color":"","overlay-opacity":"","overlay-gradient":""},"tablet":{"background-color":"var(--ast-global-color-5)","background-image":"","background-repeat":"repeat","background-position":"center center","background-size":"auto","background-attachment":"scroll","background-type":"","background-media":"","overlay-type":"","overlay-color":"","overlay-opacity":"","overlay-gradient":""},"mobile":{"background-color":"var(--ast-global-color-5)","background-image":"","background-repeat":"repeat","background-position":"center center","background-size":"auto","background-attachment":"scroll","background-type":"","background-media":"","overlay-type":"","overlay-color":"","overlay-opacity":"","overlay-gradient":""}},"_themeisle_gutenberg_block_has_review":false,"_ti_tpc_template_sync":false,"_ti_tpc_template_id":"eex7gnweb2m8vo93cr1g","footnotes":""},"class_list":["post-61","page","type-page","status-publish","hentry"],"aioseo_notices":[],"_links":{"self":[{"href":"https:\/\/transafsecured.com\/index.php\/wp-json\/wp\/v2\/pages\/61"}],"collection":[{"href":"https:\/\/transafsecured.com\/index.php\/wp-json\/wp\/v2\/pages"}],"about":[{"href":"https:\/\/transafsecured.com\/index.php\/wp-json\/wp\/v2\/types\/page"}],"author":[{"embeddable":true,"href":"https:\/\/transafsecured.com\/index.php\/wp-json\/wp\/v2\/users\/1"}],"replies":[{"embeddable":true,"href":"https:\/\/transafsecured.com\/index.php\/wp-json\/wp\/v2\/comments?post=61"}],"version-history":[{"count":27,"href":"https:\/\/transafsecured.com\/index.php\/wp-json\/wp\/v2\/pages\/61\/revisions"}],"predecessor-version":[{"id":888,"href":"https:\/\/transafsecured.com\/index.php\/wp-json\/wp\/v2\/pages\/61\/revisions\/888"}],"wp:attachment":[{"href":"https:\/\/transafsecured.com\/index.php\/wp-json\/wp\/v2\/media?parent=61"}],"curies":[{"name":"wp","href":"https:\/\/api.w.org\/{rel}","templated":true}]}}