{"id":69,"date":"2020-01-27T08:05:29","date_gmt":"2020-01-27T08:05:29","guid":{"rendered":"https:\/\/demosites.io\/web-agency-gb\/?page_id=69"},"modified":"2024-08-19T16:10:52","modified_gmt":"2024-08-19T14:10:52","slug":"services","status":"publish","type":"page","link":"https:\/\/transafsecured.com\/index.php\/services\/","title":{"rendered":"Nos Services"},"content":{"rendered":"\n<p><\/p>\n\n\n\n<div class=\"wp-block-columns alignfull is-layout-flex wp-container-core-columns-is-layout-1 wp-block-columns-is-layout-flex\">\n<div class=\"wp-block-column is-layout-flow wp-block-column-is-layout-flow\">\n<figure class=\"wp-block-image aligncenter size-medium is-style-default\"><img loading=\"lazy\" decoding=\"async\" width=\"300\" height=\"300\" src=\"https:\/\/transafsecured.com\/wp-content\/uploads\/2024\/04\/22-edited-300x300.jpg\" alt=\"\" class=\"wp-image-573\" srcset=\"https:\/\/transafsecured.com\/wp-content\/uploads\/2024\/04\/22-edited-300x300.jpg 300w, https:\/\/transafsecured.com\/wp-content\/uploads\/2024\/04\/22-edited-150x150.jpg 150w, https:\/\/transafsecured.com\/wp-content\/uploads\/2024\/04\/22-edited-768x768.jpg 768w, https:\/\/transafsecured.com\/wp-content\/uploads\/2024\/04\/22-edited.jpg 810w\" sizes=\"(max-width: 300px) 100vw, 300px\" \/><\/figure>\n\n\n\n<h3 class=\"wp-block-heading has-text-align-center\">Collecte et transport s\u00e9curis\u00e9 de fonds et valeurs<\/h3>\n\n\n\n<p class=\"has-text-align-center\">A la demande, des effectifs de TRANSAF sont affect\u00e9s au ramassage ou \u00e0 la collecte des fonds aupr\u00e8s de la banque ou des ses clients pour des destinations donn\u00e9es, en zone urbaine comme en intra-muros.<\/p>\n<\/div>\n\n\n\n<div class=\"wp-block-column is-layout-flow wp-block-column-is-layout-flow\">\n<figure class=\"wp-block-image aligncenter size-medium is-style-default\"><img loading=\"lazy\" decoding=\"async\" width=\"300\" height=\"300\" src=\"https:\/\/transafsecured.com\/wp-content\/uploads\/2024\/05\/caissiere-300x300.jpeg\" alt=\"\" class=\"wp-image-686\" srcset=\"https:\/\/transafsecured.com\/wp-content\/uploads\/2024\/05\/caissiere-300x300.jpeg 300w, https:\/\/transafsecured.com\/wp-content\/uploads\/2024\/05\/caissiere-150x150.jpeg 150w, https:\/\/transafsecured.com\/wp-content\/uploads\/2024\/05\/caissiere-768x768.jpeg 768w, https:\/\/transafsecured.com\/wp-content\/uploads\/2024\/05\/caissiere.jpeg 960w\" sizes=\"(max-width: 300px) 100vw, 300px\" \/><\/figure>\n\n\n\n<h3 class=\"wp-block-heading has-text-align-center\">Mise \u00e0 disposition des caissi\u00e8res chez le client ou au guichet de banque<\/h3>\n\n\n\n<p class=\"has-text-align-center\">A la demande de la banque, TRANSAF d\u00e9ploie certains de ses agents aupr\u00e8s des caisses ou des guichets de banque.<\/p>\n<\/div>\n\n\n\n<div class=\"wp-block-column is-layout-flow wp-block-column-is-layout-flow\">\n<figure class=\"wp-block-image aligncenter size-medium\"><img loading=\"lazy\" decoding=\"async\" width=\"300\" height=\"300\" src=\"https:\/\/transafsecured.com\/wp-content\/uploads\/2024\/04\/dab02-edited-300x300.png\" alt=\"\" class=\"wp-image-575\" srcset=\"https:\/\/transafsecured.com\/wp-content\/uploads\/2024\/04\/dab02-edited-300x300.png 300w, https:\/\/transafsecured.com\/wp-content\/uploads\/2024\/04\/dab02-edited-150x150.png 150w, https:\/\/transafsecured.com\/wp-content\/uploads\/2024\/04\/dab02-edited-768x768.png 768w, https:\/\/transafsecured.com\/wp-content\/uploads\/2024\/04\/dab02-edited.png 800w\" sizes=\"(max-width: 300px) 100vw, 300px\" \/><\/figure>\n\n\n\n<h3 class=\"wp-block-heading has-text-align-center\">Gestion des guichets ou des distributeurs automatiques de billets<\/h3>\n\n\n\n<p class=\"has-text-align-center\">TRANSAF assure le remplissage des distributeurs automatiques (DAB) avec arr\u00eat\u00e9s de caisses et rapports.<\/p>\n<\/div>\n<\/div>\n\n\n\n<div style=\"height:40px\" aria-hidden=\"true\" class=\"wp-block-spacer\"><\/div>\n\n\n\n<div class=\"wp-block-columns alignfull is-layout-flex wp-container-core-columns-is-layout-2 wp-block-columns-is-layout-flex\">\n<div class=\"wp-block-column is-layout-flow wp-block-column-is-layout-flow\">\n<figure class=\"wp-block-image aligncenter size-medium\"><img loading=\"lazy\" decoding=\"async\" width=\"300\" height=\"300\" src=\"https:\/\/transafsecured.com\/wp-content\/uploads\/2024\/04\/27-edited-300x300.jpg\" alt=\"\" class=\"wp-image-586\" srcset=\"https:\/\/transafsecured.com\/wp-content\/uploads\/2024\/04\/27-edited-300x300.jpg 300w, https:\/\/transafsecured.com\/wp-content\/uploads\/2024\/04\/27-edited-150x150.jpg 150w, https:\/\/transafsecured.com\/wp-content\/uploads\/2024\/04\/27-edited-768x768.jpg 768w, https:\/\/transafsecured.com\/wp-content\/uploads\/2024\/04\/27-edited.jpg 960w\" sizes=\"(max-width: 300px) 100vw, 300px\" \/><\/figure>\n\n\n\n<h3 class=\"wp-block-heading has-text-align-center\"><strong>Mise \u00e0 disposition des manipulatrices de fonds<\/strong><\/h3>\n\n\n\n<p class=\"has-text-align-center\">Les banques disposeront de manipulatrices de fonds de TRANSAF pour effectuer le tri de leurs fonds dans les diff\u00e9rents coffres, ou pour effectuer le remplissage des caissettes des distributeurs automatiques ou \u00e9ventuellement, pour servir directement la client\u00e8le premium.<\/p>\n<\/div>\n\n\n\n<div class=\"wp-block-column is-layout-flow wp-block-column-is-layout-flow\">\n<figure class=\"wp-block-image aligncenter size-medium\"><img loading=\"lazy\" decoding=\"async\" width=\"300\" height=\"300\" src=\"https:\/\/transafsecured.com\/wp-content\/uploads\/2024\/04\/32a-edited-1-300x300.jpg\" alt=\"\" class=\"wp-image-594\" srcset=\"https:\/\/transafsecured.com\/wp-content\/uploads\/2024\/04\/32a-edited-1-300x300.jpg 300w, https:\/\/transafsecured.com\/wp-content\/uploads\/2024\/04\/32a-edited-1-150x150.jpg 150w, https:\/\/transafsecured.com\/wp-content\/uploads\/2024\/04\/32a-edited-1.jpg 660w\" sizes=\"(max-width: 300px) 100vw, 300px\" \/><\/figure>\n\n\n\n<h3 class=\"wp-block-heading has-text-align-center\"><strong>Garde de fonds dans notre centre fort<\/strong><\/h3>\n\n\n\n<p class=\"has-text-align-center\">TRANSAF assure la garde des fonds provenant du client au sein de son coffre pour restitution le jour ouvr\u00e9 suivant. Ce centre fort n&rsquo;est accessible que par des portes blind\u00e9es et \u00e9quip\u00e9es de biom\u00e9trie, il fait l&rsquo;objet d&rsquo;un syst\u00e8me de vid\u00e9osurveillance et de tracking.<\/p>\n<\/div>\n\n\n\n<div class=\"wp-block-column is-layout-flow wp-block-column-is-layout-flow\">\n<figure class=\"wp-block-image aligncenter size-medium\"><img loading=\"lazy\" decoding=\"async\" width=\"300\" height=\"300\" src=\"https:\/\/transafsecured.com\/wp-content\/uploads\/2024\/04\/11-edited-300x300.png\" alt=\"\" class=\"wp-image-597\" srcset=\"https:\/\/transafsecured.com\/wp-content\/uploads\/2024\/04\/11-edited-300x300.png 300w, https:\/\/transafsecured.com\/wp-content\/uploads\/2024\/04\/11-edited-1024x1024.png 1024w, https:\/\/transafsecured.com\/wp-content\/uploads\/2024\/04\/11-edited-150x150.png 150w, https:\/\/transafsecured.com\/wp-content\/uploads\/2024\/04\/11-edited-768x768.png 768w, https:\/\/transafsecured.com\/wp-content\/uploads\/2024\/04\/11-edited-1536x1536.png 1536w, https:\/\/transafsecured.com\/wp-content\/uploads\/2024\/04\/11-edited.png 1776w\" sizes=\"(max-width: 300px) 100vw, 300px\" \/><\/figure>\n\n\n\n<h3 class=\"wp-block-heading has-text-align-center\"><strong>Escorte a\u00e9rienne et terrestre des devises<\/strong><\/h3>\n\n\n\n<p class=\"has-text-align-center\">Il s&rsquo;agira ici pour les effectifs de TRANSAF de r\u00e9cup\u00e9rer, conform\u00e9ment \u00e0 une proc\u00e9dure appropri\u00e9e, les devises sur le tarmac d&rsquo;un a\u00e9roport et de les acheminer au guichet de la banque ou \u00e0 un tiers.<\/p>\n<\/div>\n<\/div>\n\n\n\n<div class=\"wp-block-cover alignfull is-light has-custom-content-position is-position-top-center\"><span aria-hidden=\"true\" class=\"wp-block-cover__background has-white-background-color has-background-dim-100 has-background-dim\"><\/span><div class=\"wp-block-cover__inner-container is-layout-flow wp-block-cover-is-layout-flow\">\n<div class=\"wp-block-columns is-layout-flex wp-container-core-columns-is-layout-3 wp-block-columns-is-layout-flex\">\n<div class=\"wp-block-column is-layout-flow wp-block-column-is-layout-flow\">\n<figure class=\"wp-block-image size-large is-style-default\"><img loading=\"lazy\" decoding=\"async\" width=\"1024\" height=\"768\" src=\"https:\/\/transafsecured.com\/wp-content\/uploads\/2024\/04\/33-1024x768.jpg\" alt=\"\" class=\"wp-image-598\" srcset=\"https:\/\/transafsecured.com\/wp-content\/uploads\/2024\/04\/33-1024x768.jpg 1024w, https:\/\/transafsecured.com\/wp-content\/uploads\/2024\/04\/33-300x225.jpg 300w, https:\/\/transafsecured.com\/wp-content\/uploads\/2024\/04\/33-768x576.jpg 768w, https:\/\/transafsecured.com\/wp-content\/uploads\/2024\/04\/33.jpg 1080w\" sizes=\"(max-width: 1024px) 100vw, 1024px\" \/><\/figure>\n<\/div>\n\n\n\n<div class=\"wp-block-column is-vertically-aligned-top is-layout-flow wp-block-column-is-layout-flow\">\n<h2 class=\"wp-block-heading has-vivid-cyan-blue-color has-text-color\"><strong>Nos engagements<\/strong><\/h2>\n\n\n\n<div style=\"height:20px\" aria-hidden=\"true\" class=\"wp-block-spacer\"><\/div>\n\n\n\n<p class=\"has-black-color has-text-color\">Soucieuse de gagner et de m\u00e9riter la confiance de ses clients, TRANSAF entend :<\/p>\n\n\n\n<ul class=\"wp-block-list has-black-color has-text-color has-link-color wp-elements-dc1c5ff8f2b2a3239e041a1dfd44d24b\">\n<li>D\u00e9ployer un <strong>effectif d&rsquo;appoint suffisamment qualifi\u00e9<\/strong> et jouissant d&rsquo;une bonne exp\u00e9rience professionnelle<\/li>\n<\/ul>\n\n\n\n<ul class=\"wp-block-list has-black-color has-text-color has-link-color wp-elements-7cb79e79197e549975024d766a29bff8\">\n<li style=\"font-style:normal;font-weight:400;text-decoration:none\">Mettre \u00e0 disposition des chauffeurs, chefs de bord et convoyeurs sous <strong>escorte s\u00e9curis\u00e9e<\/strong> d&rsquo;\u00e9l\u00e9ments des forces de l&rsquo;ordre dans leur mobilit\u00e9<\/li>\n<\/ul>\n\n\n\n<ul class=\"wp-block-list has-black-color has-text-color has-link-color wp-elements-9c7cdc688a80536565d4bd1091932ee1\">\n<li style=\"font-style:normal;font-weight:400;text-decoration:none\">Fournir des <strong>fourgons blind\u00e9s<\/strong> de niveau de protection ballistique 3 \u00e0 6, pour y disposer les fonds et valeurs \u00e0 acheminer, ainsi que des v\u00e9hicules de liaison<\/li>\n<\/ul>\n\n\n\n<ul class=\"wp-block-list has-black-color has-text-color has-link-color wp-elements-f8ee0cbdb179339ba13af5779251a31f\">\n<li>Couvrir sa responsabilit\u00e9 par rapport \u00e0 tout risque encouru dans l&rsquo;ex\u00e9cution de ses prestations en souscrivant \u00e0 une <strong>police d&rsquo;assurance<\/strong> variable et modulable dans ses plafonds, en fonction de ses diff\u00e9rents champs d&rsquo;activit\u00e9s.<\/li>\n<\/ul>\n<\/div>\n<\/div>\n<\/div><\/div>\n\n\n\n<h2 class=\"wp-block-heading has-text-align-center has-vivid-cyan-blue-color has-text-color has-link-color wp-elements-3de4a0af94891449ca112ee592a1e623\"><strong>Vous d\u00e9sirez souscrire \u00e0 nos services ?<\/strong><\/h2>\n\n\n\n<p class=\"has-text-align-center\">Le formulaire ci-dessous est \u00e0 votre disposition.<\/p>\n\n\n\n<div id=\"wp-block-themeisle-blocks-form-a6a18e7e\" class=\"wp-block-themeisle-blocks-form\" data-option-name=\"bf9b28ff82ce323187abc5d0feb0d8f07ecd8436_a6a18e7e\"><form class=\"otter-form__container\"><div class=\"wp-block-themeisle-blocks-form-multiple-choice\" id=\"wp-block-themeisle-blocks-form-input-f11228ca\"><label class=\"otter-form-input-label\" >1. Choisissez le(s) service(s) que vous souhaitez :<span class=\"required\">*<\/span><\/label><div class=\"o-form-choices\"><div class=\"o-form-multiple-choice-field\"><input type=\"checkbox\" name=\"wp-block-themeisle-blocks-form-input-f11228ca\" id=\"field-Collecte_et_transport_s\u00e9curis\u00e9_des_fonds_et_valeurs\" value=\"Collecte_et_transport_s\u00e9curis\u00e9_des_fonds_et_valeurs\" required \/><label for=\"field-Collecte_et_transport_s\u00e9curis\u00e9_des_fonds_et_valeurs\" class=\"o-form-choice-label\">Collecte et transport s\u00e9curis\u00e9 des fonds et valeurs<\/label><\/div><div class=\"o-form-multiple-choice-field\"><input type=\"checkbox\" name=\"wp-block-themeisle-blocks-form-input-f11228ca\" id=\"field-Mise_\u00e0_disposition_des_caissi\u00e8res\" value=\"Mise_\u00e0_disposition_des_caissi\u00e8res\" required \/><label for=\"field-Mise_\u00e0_disposition_des_caissi\u00e8res\" class=\"o-form-choice-label\">Mise \u00e0 disposition des caissi\u00e8res<\/label><\/div><div class=\"o-form-multiple-choice-field\"><input type=\"checkbox\" name=\"wp-block-themeisle-blocks-form-input-f11228ca\" id=\"field-Gestion_des_guichets_ou_des\u00a0DAB\" value=\"Gestion_des_guichets_ou_des\u00a0DAB\" required \/><label for=\"field-Gestion_des_guichets_ou_des\u00a0DAB\" class=\"o-form-choice-label\">Gestion des guichets ou des\u00a0DAB<\/label><\/div><div class=\"o-form-multiple-choice-field\"><input type=\"checkbox\" name=\"wp-block-themeisle-blocks-form-input-f11228ca\" id=\"field-Mise_\u00e0_disposition_des_manipulatrices_de_fonds\" value=\"Mise_\u00e0_disposition_des_manipulatrices_de_fonds\" required \/><label for=\"field-Mise_\u00e0_disposition_des_manipulatrices_de_fonds\" class=\"o-form-choice-label\">Mise \u00e0 disposition des manipulatrices de fonds<\/label><\/div><div class=\"o-form-multiple-choice-field\"><input type=\"checkbox\" name=\"wp-block-themeisle-blocks-form-input-f11228ca\" id=\"field-Garde_de_fonds_dans_notre_centre_fort\" value=\"Garde_de_fonds_dans_notre_centre_fort\" required \/><label for=\"field-Garde_de_fonds_dans_notre_centre_fort\" class=\"o-form-choice-label\">Garde de fonds dans notre centre fort<\/label><\/div><div class=\"o-form-multiple-choice-field\"><input type=\"checkbox\" name=\"wp-block-themeisle-blocks-form-input-f11228ca\" id=\"field-Escorte_a\u00e9rienne_et_terrestre_des_devises\" value=\"Escorte_a\u00e9rienne_et_terrestre_des_devises\" required \/><label for=\"field-Escorte_a\u00e9rienne_et_terrestre_des_devises\" class=\"o-form-choice-label\">Escorte a\u00e9rienne et terrestre des devises<\/label><\/div><div class=\"o-form-multiple-choice-field\"><input type=\"checkbox\" name=\"wp-block-themeisle-blocks-form-input-f11228ca\" id=\"field-Autre\" value=\"Autre\" required \/><label for=\"field-Autre\" class=\"o-form-choice-label\">Autre<\/label><\/div><\/div><span class=\"o-form-help\"><\/span><\/div>\n\n\n<div id=\"wp-block-themeisle-blocks-form-input-03e414bb\" class=\"wp-block-themeisle-blocks-form-input\"><label for=\"wp-block-themeisle-blocks-form-input-03e414bb-input\" class=\"otter-form-input-label\"><span class=\"otter-form-input-label__label\">Si autre, pr\u00e9cisez :<\/span><\/label><input type=\"text\" id=\"wp-block-themeisle-blocks-form-input-03e414bb-input\" class=\"otter-form-input\"\/><\/div>\n\n\n\n<div id=\"wp-block-themeisle-blocks-form-input-6f358a5a\" class=\"wp-block-themeisle-blocks-form-input\"><label for=\"wp-block-themeisle-blocks-form-input-6f358a5a-input\" class=\"otter-form-input-label\"><span class=\"otter-form-input-label__label\">2. Nom<\/span><span class=\"required\">*<\/span><\/label><input type=\"text\" id=\"wp-block-themeisle-blocks-form-input-6f358a5a-input\" required class=\"otter-form-input\"\/><\/div>\n\n\n\n<div id=\"wp-block-themeisle-blocks-form-input-7213e9ce\" class=\"wp-block-themeisle-blocks-form-input\"><label for=\"wp-block-themeisle-blocks-form-input-7213e9ce-input\" class=\"otter-form-input-label\"><span class=\"otter-form-input-label__label\">3. Entreprise<\/span><\/label><input type=\"text\" id=\"wp-block-themeisle-blocks-form-input-7213e9ce-input\" class=\"otter-form-input\"\/><\/div>\n\n\n\n<div id=\"wp-block-themeisle-blocks-form-input-8e9ccee9\" class=\"wp-block-themeisle-blocks-form-input\"><label for=\"wp-block-themeisle-blocks-form-input-8e9ccee9-input\" class=\"otter-form-input-label\"><span class=\"otter-form-input-label__label\">4. Fonction<\/span><\/label><input type=\"text\" id=\"wp-block-themeisle-blocks-form-input-8e9ccee9-input\" class=\"otter-form-input\"\/><\/div>\n\n\n\n<div id=\"wp-block-themeisle-blocks-form-input-600f7f87\" class=\"wp-block-themeisle-blocks-form-input\"><label for=\"wp-block-themeisle-blocks-form-input-600f7f87-input\" class=\"otter-form-input-label\"><span class=\"otter-form-input-label__label\">5. E-mail<\/span><span class=\"required\">*<\/span><\/label><input type=\"email\" id=\"wp-block-themeisle-blocks-form-input-600f7f87-input\" required class=\"otter-form-input\"\/><\/div>\n\n\n<div class=\"protection\" aria-hidden=\"true\"><input type=\"hidden\" id=\"wp-block-themeisle-blocks-form-a6a18e7e_nonce_field\" name=\"wp-block-themeisle-blocks-form-a6a18e7e_nonce_field\" value=\"9df894255f\" \/><input type=\"hidden\" name=\"_wp_http_referer\" value=\"\/index.php\/wp-json\/wp\/v2\/pages\/69\" \/><input class=\"o-anti-bot\" type=\"checkbox\"><\/div>\n\n\n<div id=\"wp-block-themeisle-blocks-form-textarea-cdcf717f\" class=\"wp-block-themeisle-blocks-form-textarea\"><label for=\"wp-block-themeisle-blocks-form-textarea-cdcf717f-input\" class=\"otter-form-textarea-label\"><span class=\"otter-form-textarea-label__label\">6. Un message ?<\/span><\/label><textarea id=\"wp-block-themeisle-blocks-form-textarea-cdcf717f-input\" rows=\"10\" class=\"otter-form-textarea-input\"><\/textarea><\/div>\n\n\n\n<p class=\"has-extra-small-font-size\"><\/p>\n<div class=\"wp-block-button\"><button class=\"wp-block-button__link\" type=\"submit\">Envoyer<\/button><\/div><\/form><\/div>\n","protected":false},"excerpt":{"rendered":"<p>Collecte et transport s\u00e9curis\u00e9 de fonds et valeurs A la demande, des effectifs de TRANSAF sont affect\u00e9s au ramassage ou [&hellip;]<\/p>\n","protected":false},"author":1,"featured_media":0,"parent":0,"menu_order":0,"comment_status":"closed","ping_status":"closed","template":"","meta":{"_monsterinsights_skip_tracking":false,"_monsterinsights_sitenote_active":false,"_monsterinsights_sitenote_note":"","_monsterinsights_sitenote_category":0,"site-sidebar-layout":"default","site-content-layout":"","ast-site-content-layout":"default","site-content-style":"default","site-sidebar-style":"default","ast-global-header-display":"","ast-banner-title-visibility":"","ast-main-header-display":"","ast-hfb-above-header-display":"","ast-hfb-below-header-display":"","ast-hfb-mobile-header-display":"","site-post-title":"","ast-breadcrumbs-content":"","ast-featured-img":"","footer-sml-layout":"","ast-disable-related-posts":"","theme-transparent-header-meta":"","adv-header-id-meta":"","stick-header-meta":"","header-above-stick-meta":"","header-main-stick-meta":"","header-below-stick-meta":"","astra-migrate-meta-layouts":"default","ast-page-background-enabled":"default","ast-page-background-meta":{"desktop":{"background-color":"var(--ast-global-color-4)","background-image":"","background-repeat":"repeat","background-position":"center center","background-size":"auto","background-attachment":"scroll","background-type":"","background-media":"","overlay-type":"","overlay-color":"","overlay-opacity":"","overlay-gradient":""},"tablet":{"background-color":"","background-image":"","background-repeat":"repeat","background-position":"center center","background-size":"auto","background-attachment":"scroll","background-type":"","background-media":"","overlay-type":"","overlay-color":"","overlay-opacity":"","overlay-gradient":""},"mobile":{"background-color":"","background-image":"","background-repeat":"repeat","background-position":"center center","background-size":"auto","background-attachment":"scroll","background-type":"","background-media":"","overlay-type":"","overlay-color":"","overlay-opacity":"","overlay-gradient":""}},"ast-content-background-meta":{"desktop":{"background-color":"var(--ast-global-color-5)","background-image":"","background-repeat":"repeat","background-position":"center center","background-size":"auto","background-attachment":"scroll","background-type":"","background-media":"","overlay-type":"","overlay-color":"","overlay-opacity":"","overlay-gradient":""},"tablet":{"background-color":"var(--ast-global-color-5)","background-image":"","background-repeat":"repeat","background-position":"center center","background-size":"auto","background-attachment":"scroll","background-type":"","background-media":"","overlay-type":"","overlay-color":"","overlay-opacity":"","overlay-gradient":""},"mobile":{"background-color":"var(--ast-global-color-5)","background-image":"","background-repeat":"repeat","background-position":"center center","background-size":"auto","background-attachment":"scroll","background-type":"","background-media":"","overlay-type":"","overlay-color":"","overlay-opacity":"","overlay-gradient":""}},"_themeisle_gutenberg_block_has_review":false,"_ti_tpc_template_sync":false,"_ti_tpc_template_id":"94gtya0n2udx05knf121","footnotes":""},"class_list":["post-69","page","type-page","status-publish","hentry"],"aioseo_notices":[],"_links":{"self":[{"href":"https:\/\/transafsecured.com\/index.php\/wp-json\/wp\/v2\/pages\/69"}],"collection":[{"href":"https:\/\/transafsecured.com\/index.php\/wp-json\/wp\/v2\/pages"}],"about":[{"href":"https:\/\/transafsecured.com\/index.php\/wp-json\/wp\/v2\/types\/page"}],"author":[{"embeddable":true,"href":"https:\/\/transafsecured.com\/index.php\/wp-json\/wp\/v2\/users\/1"}],"replies":[{"embeddable":true,"href":"https:\/\/transafsecured.com\/index.php\/wp-json\/wp\/v2\/comments?post=69"}],"version-history":[{"count":41,"href":"https:\/\/transafsecured.com\/index.php\/wp-json\/wp\/v2\/pages\/69\/revisions"}],"predecessor-version":[{"id":894,"href":"https:\/\/transafsecured.com\/index.php\/wp-json\/wp\/v2\/pages\/69\/revisions\/894"}],"wp:attachment":[{"href":"https:\/\/transafsecured.com\/index.php\/wp-json\/wp\/v2\/media?parent=69"}],"curies":[{"name":"wp","href":"https:\/\/api.w.org\/{rel}","templated":true}]}}